{"id":47,"date":"2022-11-09T18:25:23","date_gmt":"2022-11-09T18:25:23","guid":{"rendered":"http:\/\/dwich.de\/?page_id=47"},"modified":"2023-01-28T17:58:10","modified_gmt":"2023-01-28T17:58:10","slug":"offerte","status":"publish","type":"page","link":"https:\/\/dwich.de\/?page_id=47","title":{"rendered":"Offerte"},"content":{"rendered":"\n<p>Hier eine \u00dcbersicht von Themen bei denen ich Sie besonders gut unterst\u00fctzen kann.<br>Kontaktieren Sie mich gerne um \u00fcber meine Verf\u00fcgbarkeit zu sprechen.<\/p>\n\n\n\n<h2 class=\"wp-block-heading\">Automatisierung<\/h2>\n\n\n\n<ul class=\"wp-block-list\">\n<li>Prozess Analyse<\/li>\n\n\n\n<li>Werkzeugauswahl<\/li>\n\n\n\n<li>Bash Scripting<\/li>\n<\/ul>\n\n\n\n<p>Wir kennen es alle, einzelne Aufgaben werden, erst mal nur einmalig, \u00fcbernommen.<br>Doch ehe man sich versieht \u00fcbernehmen wir diese Aufgabe erneut, macht ja nicht so viel Arbeit.<br>Dann wieder, und nochmal\u2026\u2026..<br>Meist bleibt im Tagesgesch\u00e4ft nicht die Zeit sich Gedanken \u00fcber sinnvolle Automatisierung zu machen und diese dann noch umzusetzen.<br>Gerne unterst\u00fctze ich Sie schon bei der Analyse, selbst von komplexen Prozessen bzw. von Prozessketten.<br>Im Anschluss zerlegen wir diese in sinnvolle Teilaufgaben und automatisieren diese.<\/p>\n\n\n\n<h2 class=\"wp-block-heading\">Erstellen von Auswertungen auf relationalen Datenbanken<\/h2>\n\n\n\n<p>Ihre Datenbasis liegt verteilt in unterschiedlichen Systemen und ist nicht oder nur mit sehr gro\u00dfem Aufwand manuell auszuwerten?<br>Folgende Unterst\u00fctzung kann ich anbieten:<\/p>\n\n\n\n<ul class=\"wp-block-list\">\n<li>Analyse bestehender Datenstrukturen<\/li>\n\n\n\n<li>Implementierung von ETL Prozessen<\/li>\n\n\n\n<li>Auswertung der Daten nach Ihren Anforderungen<\/li>\n\n\n\n<li>Automatisierung des Vorgehens<\/li>\n<\/ul>\n\n\n\n<h2 class=\"wp-block-heading\">Entwicklung (Projektentwicklung)<\/h2>\n\n\n\n<p>In Ihrem Team fehlt ein kompetenter Entwickler?<br>Gerne unterst\u00fctze ich Sie in Ihren Software Entwicklungsprojekten.<br>Meine Scills finden Sie unter &#8211;> <a href=\"https:\/\/dwich.de\/?page_id=41\" data-type=\"page\" data-id=\"41\">Expertise<\/a><br>Nat\u00fcrlich besch\u00e4ftige ich mich kontinuierlich mit neue Technologie Stacks.<\/p>\n\n\n\n<h2 class=\"wp-block-heading\">Architekturanalyse \/ Beratung<\/h2>\n\n\n\n<p>Manchmal fehlt einfach nur eine andere Perspektive<\/p>\n\n\n\n<p>In folgenden Bereichen unterst\u00fctze ich Sie gerne:<\/p>\n\n\n\n<ul class=\"wp-block-list\">\n<li>Architekturanalyse (Software Systeme)<\/li>\n\n\n\n<li>Bewertung von Mircroservice Architekturen<\/li>\n\n\n\n<li>Entwurf neuer Architekturen mit vorheriger Anforderungsanalyse<\/li>\n<\/ul>\n\n\n\n<h2 class=\"wp-block-heading\">Individualentwicklung<\/h2>\n\n\n\n<p>Sie ben\u00f6tigen eine Softwarel\u00f6sung die es am Markt nicht zu kaufen gibt? Sprechen Sie mich an und wir schauen wie eine solche L\u00f6sung aussehen kann und mit welchem Aufwand diese zu implementieren ist.<\/p>\n","protected":false},"excerpt":{"rendered":"<p>Hier eine \u00dcbersicht von Themen bei denen ich Sie besonders gut unterst\u00fctzen kann.Kontaktieren Sie mich gerne um \u00fcber meine Verf\u00fcgbarkeit zu sprechen. Automatisierung Wir kennen<\/p>\n","protected":false},"author":1,"featured_media":0,"parent":0,"menu_order":0,"comment_status":"closed","ping_status":"closed","template":"","meta":{"footnotes":""},"class_list":["post-47","page","type-page","status-publish","hentry","two-columns"],"jetpack_sharing_enabled":true,"_links":{"self":[{"href":"https:\/\/dwich.de\/index.php?rest_route=\/wp\/v2\/pages\/47","targetHints":{"allow":["GET"]}}],"collection":[{"href":"https:\/\/dwich.de\/index.php?rest_route=\/wp\/v2\/pages"}],"about":[{"href":"https:\/\/dwich.de\/index.php?rest_route=\/wp\/v2\/types\/page"}],"author":[{"embeddable":true,"href":"https:\/\/dwich.de\/index.php?rest_route=\/wp\/v2\/users\/1"}],"replies":[{"embeddable":true,"href":"https:\/\/dwich.de\/index.php?rest_route=%2Fwp%2Fv2%2Fcomments&post=47"}],"version-history":[{"count":3,"href":"https:\/\/dwich.de\/index.php?rest_route=\/wp\/v2\/pages\/47\/revisions"}],"predecessor-version":[{"id":269,"href":"https:\/\/dwich.de\/index.php?rest_route=\/wp\/v2\/pages\/47\/revisions\/269"}],"wp:attachment":[{"href":"https:\/\/dwich.de\/index.php?rest_route=%2Fwp%2Fv2%2Fmedia&parent=47"}],"curies":[{"name":"wp","href":"https:\/\/api.w.org\/{rel}","templated":true}]}}