{"id":2,"date":"2022-10-13T18:29:04","date_gmt":"2022-10-13T18:29:04","guid":{"rendered":"http:\/\/dwich.de\/?page_id=2"},"modified":"2022-11-14T18:47:18","modified_gmt":"2022-11-14T18:47:18","slug":"sample-page","status":"publish","type":"page","link":"https:\/\/dwich.de\/","title":{"rendered":""},"content":{"rendered":"\n<p>Hallo und willkommen auf meiner Seite. <\/p>\n\n\n\n<p>Ja meiner Seite. Ich m\u00f6chte keinen falschen Eindruck erwecken, auch wenn team-wichmann nach mehr klingt, mein Unternehmen besteht aktuell nur aus einer Person, n\u00e4mlich mir selbst.<br>Auf meiner Homepage m\u00f6chte ich Ihnen \/ euch einen kleinen Einblick geben wie ich IT verstehe.<\/p>\n\n\n\n<p>In meinem Blog versuche ich m\u00f6glichst regelm\u00e4\u00dfig \u00fcber Themen rund um den Bereich Softwareentwicklung und IT- Security zu berichten. Dabei geht es mir darum IT Wissen zu vermitteln. <\/p>\n\n\n\n<p>Ich glaube, das gute Entscheidungen nur getroffen werden k\u00f6nnen,\u00a0wenn auch die Hintergr\u00fcnde klar sind. Gerne d\u00fcrfen Sie meine Artikel kommentieren, wobei ich auf eine konstruktive, fruchtbare Diskussion hoffe.<\/p>\n\n\n\n<p>Viel Spa\u00df beim St\u00f6bern<\/p>\n\n\n\n<p>Ach so, bevor ich es vergesse, ich bin k\u00e4uflich \ud83d\ude42 <\/p>\n\n\n\n<p>Sollten Sie Unterst\u00fctzung im Bereich Softwareentwicklung \/ Architektur \/ etc. suchen nehmen Sie einfach Kontakt auf.<\/p>\n\n\n\n<p><\/p>\n","protected":false},"excerpt":{"rendered":"<p>Hallo und willkommen auf meiner Seite. Ja meiner Seite. Ich m\u00f6chte keinen falschen Eindruck erwecken, auch wenn team-wichmann nach mehr klingt, mein Unternehmen besteht aktuell<\/p>\n","protected":false},"author":1,"featured_media":0,"parent":0,"menu_order":0,"comment_status":"closed","ping_status":"open","template":"","meta":{"footnotes":""},"class_list":["post-2","page","type-page","status-publish","hentry","two-columns"],"jetpack_sharing_enabled":true,"_links":{"self":[{"href":"https:\/\/dwich.de\/index.php?rest_route=\/wp\/v2\/pages\/2","targetHints":{"allow":["GET"]}}],"collection":[{"href":"https:\/\/dwich.de\/index.php?rest_route=\/wp\/v2\/pages"}],"about":[{"href":"https:\/\/dwich.de\/index.php?rest_route=\/wp\/v2\/types\/page"}],"author":[{"embeddable":true,"href":"https:\/\/dwich.de\/index.php?rest_route=\/wp\/v2\/users\/1"}],"replies":[{"embeddable":true,"href":"https:\/\/dwich.de\/index.php?rest_route=%2Fwp%2Fv2%2Fcomments&post=2"}],"version-history":[{"count":1,"href":"https:\/\/dwich.de\/index.php?rest_route=\/wp\/v2\/pages\/2\/revisions"}],"predecessor-version":[{"id":255,"href":"https:\/\/dwich.de\/index.php?rest_route=\/wp\/v2\/pages\/2\/revisions\/255"}],"wp:attachment":[{"href":"https:\/\/dwich.de\/index.php?rest_route=%2Fwp%2Fv2%2Fmedia&parent=2"}],"curies":[{"name":"wp","href":"https:\/\/api.w.org\/{rel}","templated":true}]}}